{"id":17197,"date":"2025-03-03T15:16:21","date_gmt":"2025-03-03T15:16:21","guid":{"rendered":"https:\/\/www.ionzabalegui.com\/treatments-in-dental-implants-and-periodontics\/gum-recession\/"},"modified":"2025-10-27T10:56:59","modified_gmt":"2025-10-27T10:56:59","slug":"gum-recession","status":"publish","type":"page","link":"https:\/\/www.ionzabalegui.com\/en\/periodontics\/gum-recession\/","title":{"rendered":"Zabalegui &#8211; Treatment of gum recession"},"content":{"rendered":"<p>[et_pb_section fb_built=&#8221;1&#8243; _builder_version=&#8221;4.27.4&#8243; _module_preset=&#8221;default&#8221; background_color=&#8221;rgba(27,45,71,0.54)&#8221; background_image=&#8221;https:\/\/www.ionzabalegui.com\/wp-content\/uploads\/2025\/03\/fdjbjgi_Mesa-de-trabajo-1.webp&#8221; background_position=&#8221;bottom_center&#8221; background_blend=&#8221;multiply&#8221; custom_padding=&#8221;205px||105px|||&#8221; border_radii=&#8221;off|||40px|40px&#8221; locked=&#8221;off&#8221; global_colors_info=&#8221;{}&#8221;][et_pb_row _builder_version=&#8221;4.27.4&#8243; _module_preset=&#8221;default&#8221; animation_style=&#8221;slide&#8221; global_colors_info=&#8221;{}&#8221;][et_pb_column type=&#8221;4_4&#8243; _builder_version=&#8221;4.27.4&#8243; _module_preset=&#8221;default&#8221; global_colors_info=&#8221;{}&#8221;][et_pb_text _builder_version=&#8221;4.27.4&#8243; _module_preset=&#8221;default&#8221; header_font=&#8221;Spectral||||||||&#8221; header_text_align=&#8221;center&#8221; header_text_color=&#8221;#d9e3c5&#8243; header_font_size=&#8221;80px&#8221; width=&#8221;88%&#8221; module_alignment=&#8221;center&#8221; header_font_size_tablet=&#8221;80px&#8221; header_font_size_phone=&#8221;60px&#8221; header_font_size_last_edited=&#8221;on|phone&#8221; global_colors_info=&#8221;{}&#8221;]<\/p>\n<h1>Treatment of gum recession<\/h1>\n<p>[\/et_pb_text][et_pb_button button_text=&#8221;Make an appointment&#8221; button_alignment=&#8221;center&#8221; _builder_version=&#8221;4.27.4&#8243; _module_preset=&#8221;default&#8221; custom_button=&#8221;on&#8221; button_text_size=&#8221;15px&#8221; button_text_color=&#8221;#1b2d47&#8243; button_bg_color=&#8221;#d9e3c5&#8243; button_border_width=&#8221;0px&#8221; button_border_radius=&#8221;50px&#8221; button_font=&#8221;Spectral|700||on|||||&#8221; button_use_icon=&#8221;off&#8221; custom_padding=&#8221;10px|30px|10px|30px|true|true&#8221; global_colors_info=&#8221;{}&#8221; button_bg_color__hover_enabled=&#8221;on|hover&#8221; button_bg_color__hover=&#8221;#FFFFFF&#8221; button_bg_enable_color__hover=&#8221;on&#8221;][\/et_pb_button][\/et_pb_column][\/et_pb_row][\/et_pb_section][et_pb_section fb_built=&#8221;1&#8243; _builder_version=&#8221;4.27.4&#8243; _module_preset=&#8221;default&#8221; custom_margin=&#8221;||-50px||false|false&#8221; custom_padding=&#8221;||59px|||&#8221; border_radii=&#8221;off|||50px|50px&#8221; box_shadow_style=&#8221;preset3&#8243; locked=&#8221;off&#8221; global_colors_info=&#8221;{}&#8221;][et_pb_row column_structure=&#8221;2_5,3_5&#8243; _builder_version=&#8221;4.27.4&#8243; _module_preset=&#8221;default&#8221; max_width=&#8221;1600px&#8221; custom_margin=&#8221;59px|auto||auto||&#8221; locked=&#8221;off&#8221; global_colors_info=&#8221;{}&#8221;][et_pb_column type=&#8221;2_5&#8243; _builder_version=&#8221;4.27.4&#8243; _module_preset=&#8221;default&#8221; global_colors_info=&#8221;{}&#8221;][ba_image_compare before_img=&#8221;https:\/\/www.ionzabalegui.com\/wp-content\/uploads\/2023\/10\/paciente-recesion-encias_antes.jpg&#8221; before_label_bg=&#8221;RGBA(255,255,255,0)&#8221; after_img=&#8221;https:\/\/www.ionzabalegui.com\/wp-content\/uploads\/2023\/10\/paciente-recesion-encias_despues.jpg&#8221; after_label_bg=&#8221;RGBA(255,255,255,0)&#8221; label_height=&#8221;200px&#8221; label_width=&#8221;300px&#8221; handle_style=&#8221;handle-2&#8243; handle_color=&#8221;#d9e3c5&#8243; _builder_version=&#8221;4.27.4&#8243; _module_preset=&#8221;default&#8221; label_text_color=&#8221;RGBA(255,255,255,0)&#8221; label_font_size=&#8221;1px&#8221; hover_enabled=&#8221;0&#8243; border_color_all_label=&#8221;RGBA(255,255,255,0)&#8221; border_radii_main=&#8221;on|15px|15px|15px|15px&#8221; locked=&#8221;off&#8221; global_colors_info=&#8221;{}&#8221; width=&#8221;92%&#8221; sticky_enabled=&#8221;0&#8243; custom_margin=&#8221;|-456px||||&#8221; min_height=&#8221;362px&#8221;][\/ba_image_compare][\/et_pb_column][et_pb_column type=&#8221;3_5&#8243; _builder_version=&#8221;4.27.4&#8243; _module_preset=&#8221;default&#8221; global_colors_info=&#8221;{}&#8221;][et_pb_text content_tablet=&#8221;<\/p>\n<p>Periodontal cosmetic treatments<\/p>\n<p>&#8221; content_phone=&#8221;<\/p>\n<p style=%22text-align: left;%22>Periodontal cosmetic treatments<\/p>\n<p>&#8221; content_last_edited=&#8221;on|phone&#8221; _builder_version=&#8221;4.27.4&#8243; _module_preset=&#8221;default&#8221; text_font=&#8221;Open Sans|600||on|||||&#8221; text_text_color=&#8221;#909266&#8243; text_font_size=&#8221;20px&#8221; width=&#8221;100%&#8221; module_alignment=&#8221;center&#8221; custom_margin=&#8221;||13px|||&#8221; text_orientation_tablet=&#8221;&#8221; text_orientation_phone=&#8221;center&#8221; text_orientation_last_edited=&#8221;on|phone&#8221; locked=&#8221;off&#8221; global_colors_info=&#8221;{}&#8221;]<\/p>\n<p>Periodontal cosmetic treatments<\/p>\n<p>[\/et_pb_text][et_pb_text content_tablet=&#8221;<\/p>\n<h2 style=%22text-align: left;%22>Dental implant placement process<\/h2>\n<p>&#8221; content_phone=&#8221;<\/p>\n<h2 style=%22text-align: center;%22>Dental implant placement process<\/h2>\n<p>&#8221; content_last_edited=&#8221;off|desktop&#8221; _builder_version=&#8221;4.27.4&#8243; _module_preset=&#8221;default&#8221; text_font=&#8221;Spectral||||||||&#8221; text_text_color=&#8221;#1b2d47&#8243; text_font_size=&#8221;45px&#8221; header_2_text_align=&#8221;left&#8221; header_2_text_color=&#8221;#1b2d47&#8243; header_2_font_size=&#8221;45px&#8221; custom_margin=&#8221;||11px|||&#8221; header_2_text_align_tablet=&#8221;left&#8221; header_2_text_align_phone=&#8221;center&#8221; header_2_text_align_last_edited=&#8221;on|phone&#8221; header_2_font_size_tablet=&#8221;45px&#8221; header_2_font_size_phone=&#8221;35px&#8221; header_2_font_size_last_edited=&#8221;on|phone&#8221; text_orientation_tablet=&#8221;&#8221; text_orientation_phone=&#8221;center&#8221; text_orientation_last_edited=&#8221;on|phone&#8221; locked=&#8221;off&#8221; global_colors_info=&#8221;{}&#8221;]<\/p>\n<h2 style=\"text-align: left;\">Gum recession and treatment<\/h2>\n<p>[\/et_pb_text][et_pb_text _builder_version=&#8221;4.27.4&#8243; _module_preset=&#8221;default&#8221; text_font=&#8221;Open Sans||||||||&#8221; text_text_color=&#8221;#1b2d47&#8243; text_font_size=&#8221;16px&#8221; width=&#8221;100%&#8221; module_alignment=&#8221;center&#8221; custom_margin=&#8221;||11px|||&#8221; locked=&#8221;off&#8221; global_colors_info=&#8221;{}&#8221;]<\/p>\n<p>Dr Ion Zabalegui is a pioneer in the development of microsurgical techniques for the treatment of gum recession. The results achieve a significant aesthetic change, all through a simple and painless technique. <\/p>\n<p>Uno de los motivos de consulta m\u00e1s habituales relacionados con la <strong>est\u00e9tica de la sonrisa<\/strong> es observar que las enc\u00edas est\u00e1n m\u00e1s subidas (en los superiores) o enc\u00edas bajas (en los dientes inferiores) lo que se denomina <strong>recesi\u00f3n de enc\u00edas<\/strong>.<\/p>\n<p>The aesthetic effect is teeth that appear longer than the adjacent teeth. This recession may also be accompanied by sensitivity to cold and heat, inflammation of that area of the gums, and pain when chewing or brushing. <\/p>\n<p>The most common cause of gum recession is inadequate brushing, either due to excessive or too intense brushing, or due to insufficient brushing, resulting in bacterial inflammation that can lead to gum recession. <\/p>\n<p>[\/et_pb_text][\/et_pb_column][\/et_pb_row][\/et_pb_section][et_pb_section fb_built=&#8221;1&#8243; _builder_version=&#8221;4.27.4&#8243; _module_preset=&#8221;default&#8221; background_color=&#8221;#e5e5e5&#8243; custom_padding=&#8221;124px||103px|||&#8221; locked=&#8221;off&#8221; global_colors_info=&#8221;{}&#8221;][et_pb_row column_structure=&#8221;3_5,2_5&#8243; _builder_version=&#8221;4.27.4&#8243; _module_preset=&#8221;default&#8221; max_width=&#8221;1600px&#8221; custom_margin=&#8221;59px|auto||auto||&#8221; locked=&#8221;off&#8221; global_colors_info=&#8221;{}&#8221;][et_pb_column type=&#8221;3_5&#8243; _builder_version=&#8221;4.27.4&#8243; _module_preset=&#8221;default&#8221; global_colors_info=&#8221;{}&#8221;][et_pb_text content_tablet=&#8221;<\/p>\n<p>Dental aesthetics and periodontal treatment<\/p>\n<p>&#8221; content_phone=&#8221;<\/p>\n<p style=%22text-align: left;%22>Dental aesthetics and periodontal treatment<\/p>\n<p>&#8221; content_last_edited=&#8221;on|phone&#8221; _builder_version=&#8221;4.27.4&#8243; _module_preset=&#8221;default&#8221; text_font=&#8221;Open Sans|600||on|||||&#8221; text_text_color=&#8221;#909266&#8243; text_font_size=&#8221;20px&#8221; width=&#8221;100%&#8221; module_alignment=&#8221;center&#8221; custom_margin=&#8221;61px||13px||false|false&#8221; hover_enabled=&#8221;0&#8243; text_orientation_tablet=&#8221;&#8221; text_orientation_phone=&#8221;center&#8221; text_orientation_last_edited=&#8221;on|phone&#8221; locked=&#8221;off&#8221; global_colors_info=&#8221;{}&#8221; sticky_enabled=&#8221;0&#8243;]<\/p>\n<p>Dental aesthetics and periodontal treatment<\/p>\n<p>[\/et_pb_text][et_pb_text content_tablet=&#8221;<\/p>\n<h2 style=%22text-align: left;%22>Dental implant placement process<\/h2>\n<p>&#8221; content_phone=&#8221;<\/p>\n<h2 style=%22text-align: center;%22>Dental implant placement process<\/h2>\n<p>&#8221; content_last_edited=&#8221;off|desktop&#8221; _builder_version=&#8221;4.27.4&#8243; _module_preset=&#8221;default&#8221; text_font=&#8221;Spectral||||||||&#8221; text_text_color=&#8221;#1b2d47&#8243; text_font_size=&#8221;45px&#8221; header_2_text_align=&#8221;left&#8221; header_2_text_color=&#8221;#1b2d47&#8243; header_2_font_size=&#8221;45px&#8221; custom_margin=&#8221;||11px|||&#8221; header_2_text_align_tablet=&#8221;left&#8221; header_2_text_align_phone=&#8221;center&#8221; header_2_text_align_last_edited=&#8221;on|phone&#8221; header_2_font_size_tablet=&#8221;45px&#8221; header_2_font_size_phone=&#8221;35px&#8221; header_2_font_size_last_edited=&#8221;on|phone&#8221; text_orientation_tablet=&#8221;&#8221; text_orientation_phone=&#8221;center&#8221; text_orientation_last_edited=&#8221;on|phone&#8221; locked=&#8221;off&#8221; global_colors_info=&#8221;{}&#8221;]<\/p>\n<h2 style=\"text-align: left;\">Treatment of gum recession<\/h2>\n<p>[\/et_pb_text][et_pb_text _builder_version=&#8221;4.27.4&#8243; _module_preset=&#8221;default&#8221; text_font=&#8221;Open Sans||||||||&#8221; text_text_color=&#8221;#1b2d47&#8243; text_font_size=&#8221;16px&#8221; width=&#8221;100%&#8221; module_alignment=&#8221;center&#8221; custom_margin=&#8221;||11px|||&#8221; locked=&#8221;off&#8221; global_colors_info=&#8221;{}&#8221;]<\/p>\n<p>The treatment aims to identify and eliminate the cause of the recession as well as cover the recession. It is a simple and painless microsurgical technique called <strong>palatal connective tissue grafting<\/strong>. <\/p>\n<p>El \u00e9xito del tratamiento est\u00e1 relacionado con la causa que la origin\u00f3, y con la t\u00e9cnica que se utilice para cubrir la recesi\u00f3n. As\u00ed, los estudios relacionados con ello indican que los tratamientos con injertos obtenidos de la mucosa masticatoria palatina del propio paciente obtienen el mayor \u00edndice de \u00e9xito, tanto por el nivel de recubrimientos conseguido como por el n\u00famero de dientes que consiguen un recubrimiento total de su ra\u00edz expuesta. <\/p>\n<p>Nosotros, somos pioneros y describimos en el a\u00f1o 1999 la t\u00e9cnica encaminada al recubrimiento de las ra\u00edces expuestas en m\u00faltiples dientes adyacentes. En la actualidad, la incorporaci\u00f3n de prote\u00ednas regenerativas derivadas del esmalte (EMDOGAIN\u00ae) a\u00f1adidas al tratamiento con injertos de tejido conectivo est\u00e1n revelando resultados incluso superiores a los conseguidos \u00fanicamente con el injerto de mucosa del paladar. Se trata de t\u00e9cnicas de periodoncia avanzada que tambi\u00e9n utilizamos en algunos casos complejos de colocaci\u00f3n de implantes dentales.  <\/p>\n<p>Treatment with \u2018Ad Modum\u2019 palate grafts described by Zabalegui et al., performed on a patient with very long teeth who wants to have normal-sized teeth.<\/p>\n<p>[\/et_pb_text][\/et_pb_column][et_pb_column type=&#8221;2_5&#8243; _builder_version=&#8221;4.27.4&#8243; _module_preset=&#8221;default&#8221; global_colors_info=&#8221;{}&#8221;][ba_image_compare before_img=&#8221;https:\/\/www.ionzabalegui.com\/wp-content\/uploads\/2014\/07\/pastedgraphic-2.jpg&#8221; before_label_bg=&#8221;RGBA(255,255,255,0)&#8221; after_img=&#8221;https:\/\/www.ionzabalegui.com\/wp-content\/uploads\/2014\/07\/pastedgraphic-3.jpg&#8221; after_label_bg=&#8221;RGBA(255,255,255,0)&#8221; handle_style=&#8221;handle-2&#8243; handle_color=&#8221;#d9e3c5&#8243; _builder_version=&#8221;4.27.4&#8243; _module_preset=&#8221;default&#8221; label_text_color=&#8221;RGBA(255,255,255,0)&#8221; min_height=&#8221;210.1px&#8221; custom_margin=&#8221;24px|||||&#8221; hover_enabled=&#8221;0&#8243; border_color_all_label=&#8221;RGBA(255,255,255,0)&#8221; border_radii_main=&#8221;on|15px|15px|15px|15px&#8221; locked=&#8221;off&#8221; global_colors_info=&#8221;{}&#8221; sticky_enabled=&#8221;0&#8243; width=&#8221;84%&#8221;][\/ba_image_compare][ba_image_compare before_img=&#8221;https:\/\/www.ionzabalegui.com\/wp-content\/uploads\/2023\/11\/recesion-boca-antes.jpg&#8221; before_label_bg=&#8221;RGBA(255,255,255,0)&#8221; after_img=&#8221;https:\/\/www.ionzabalegui.com\/wp-content\/uploads\/2023\/11\/recesion-boca-despues.jpg&#8221; after_label_bg=&#8221;RGBA(255,255,255,0)&#8221; handle_style=&#8221;handle-2&#8243; handle_color=&#8221;#d9e3c5&#8243; _builder_version=&#8221;4.27.4&#8243; _module_preset=&#8221;default&#8221; label_text_color=&#8221;RGBA(255,255,255,0)&#8221; width=&#8221;85%&#8221; custom_margin=&#8221;||64px|||&#8221; hover_enabled=&#8221;0&#8243; border_color_all_label=&#8221;RGBA(255,255,255,0)&#8221; border_radii_main=&#8221;on|15px|15px|15px|15px&#8221; global_colors_info=&#8221;{}&#8221; sticky_enabled=&#8221;0&#8243;][\/ba_image_compare][\/et_pb_column][\/et_pb_row][\/et_pb_section]<\/p>\n","protected":false},"excerpt":{"rendered":"<p>Treatment of gum recession<div class=\"et_pb_with_border et_pb_module ba_image_compare ba_image_compare_0\">\n\t\t\t\t\n\t\t\t\t\n\t\t\t\t\n\t\t\t\t\n\t\t\t\t\n\t\t\t\t\n\t\t\t\t<div class=\"et_pb_module_inner\">\n\t\t\t\t\t<div class=\"dtq-image-compare\" data-orientation = \"horizontal\"\n\t\t\tdata-moveonhover = \"off\"\n\t\t\tdata-beforelabel = \"Before\"\n\t\t\tdata-afterlabel = \"After\"\n\t\t\tdata-offsetpct = \"0.5\"\n\t\t\tdata-ordernumber = \"0\"\n\t\t\tdata-overlay = \"on\">\n\t\t\t\t<div class=\"dtq-image-compare-container\">\n\t\t\t\t <img decoding=\"async\" class=\"dtq-before-img\" style=\"position: absolute;\" src=\" https:\/\/www.ionzabalegui.com\/wp-content\/uploads\/2023\/10\/paciente-recesion-encias_antes.jpg \" alt=\"Before\"\/>\n\t\t\t<img decoding=\"async\" class=\"dtq-after-img\" src=\" https:\/\/www.ionzabalegui.com\/wp-content\/uploads\/2023\/10\/paciente-recesion-encias_despues.jpg \" alt=\"After\"\/>\n\t\t\t\t<\/div>\n\t\t\t<\/div>\n\t\t\t\t<\/div>\n\t\t\t<\/div>Periodontal cosmetic treatmentsGum recession and treatmentDr Ion Zabalegui is a pioneer in the development of microsurgical techniques for the treatment of gum recession. The results achieve a significant aesthetic change, all [&hellip;]<\/p>\n","protected":false},"author":1,"featured_media":0,"parent":17103,"menu_order":0,"comment_status":"closed","ping_status":"closed","template":"","meta":{"_et_pb_use_builder":"on","_et_pb_old_content":"","_et_gb_content_width":"","footnotes":""},"class_list":["post-17197","page","type-page","status-publish","hentry"],"yoast_head":"<!-- This site is optimized with the Yoast SEO plugin v27.5 - https:\/\/yoast.com\/product\/yoast-seo-wordpress\/ -->\n<title>Tratamiento de la recesi\u00f3n de enc\u00edas | Est\u00e9tica Dental Bilbao<\/title>\n<meta name=\"robots\" content=\"index, follow, max-snippet:-1, max-image-preview:large, max-video-preview:-1\" \/>\n<link rel=\"canonical\" href=\"https:\/\/www.ionzabalegui.com\/en\/periodontics\/gum-recession\/\" \/>\n<meta property=\"og:locale\" content=\"en_US\" \/>\n<meta property=\"og:type\" content=\"article\" \/>\n<meta property=\"og:title\" content=\"Tratamiento de la recesi\u00f3n de enc\u00edas | Est\u00e9tica Dental Bilbao\" \/>\n<meta property=\"og:description\" content=\"Treatment of gum recessionPeriodontal cosmetic treatmentsGum recession and treatmentDr Ion Zabalegui is a pioneer in the development of microsurgical techniques for the treatment of gum recession. The results achieve a significant aesthetic change, all [&hellip;]\" \/>\n<meta property=\"og:url\" content=\"https:\/\/www.ionzabalegui.com\/en\/periodontics\/gum-recession\/\" \/>\n<meta property=\"og:site_name\" content=\"Zabalegui\" \/>\n<meta property=\"article:modified_time\" content=\"2025-10-27T10:56:59+00:00\" \/>\n<meta name=\"twitter:card\" content=\"summary_large_image\" \/>\n<meta name=\"twitter:label1\" content=\"Est. reading time\" \/>\n\t<meta name=\"twitter:data1\" content=\"7 minutes\" \/>\n<script type=\"application\/ld+json\" class=\"yoast-schema-graph\">{\"@context\":\"https:\\\/\\\/schema.org\",\"@graph\":[{\"@type\":\"WebPage\",\"@id\":\"https:\\\/\\\/www.ionzabalegui.com\\\/en\\\/periodontics\\\/gum-recession\\\/\",\"url\":\"https:\\\/\\\/www.ionzabalegui.com\\\/en\\\/periodontics\\\/gum-recession\\\/\",\"name\":\"Tratamiento de la recesi\u00f3n de enc\u00edas | Est\u00e9tica Dental Bilbao\",\"isPartOf\":{\"@id\":\"https:\\\/\\\/www.ionzabalegui.com\\\/en\\\/#website\"},\"datePublished\":\"2025-03-03T15:16:21+00:00\",\"dateModified\":\"2025-10-27T10:56:59+00:00\",\"breadcrumb\":{\"@id\":\"https:\\\/\\\/www.ionzabalegui.com\\\/en\\\/periodontics\\\/gum-recession\\\/#breadcrumb\"},\"inLanguage\":\"en-US\",\"potentialAction\":[{\"@type\":\"ReadAction\",\"target\":[\"https:\\\/\\\/www.ionzabalegui.com\\\/en\\\/periodontics\\\/gum-recession\\\/\"]}]},{\"@type\":\"BreadcrumbList\",\"@id\":\"https:\\\/\\\/www.ionzabalegui.com\\\/en\\\/periodontics\\\/gum-recession\\\/#breadcrumb\",\"itemListElement\":[{\"@type\":\"ListItem\",\"position\":1,\"name\":\"Portada\",\"item\":\"https:\\\/\\\/www.ionzabalegui.com\\\/en\\\/zabalegui-home\\\/\"},{\"@type\":\"ListItem\",\"position\":2,\"name\":\"Zabalegui &#8211; Periodontics\",\"item\":\"https:\\\/\\\/www.ionzabalegui.com\\\/en\\\/periodontics\\\/\"},{\"@type\":\"ListItem\",\"position\":3,\"name\":\"Zabalegui &#8211; Treatment of gum recession\"}]},{\"@type\":\"WebSite\",\"@id\":\"https:\\\/\\\/www.ionzabalegui.com\\\/en\\\/#website\",\"url\":\"https:\\\/\\\/www.ionzabalegui.com\\\/en\\\/\",\"name\":\"Zabalegui\",\"description\":\"Medicina dental y facial\",\"publisher\":{\"@id\":\"https:\\\/\\\/www.ionzabalegui.com\\\/en\\\/#organization\"},\"potentialAction\":[{\"@type\":\"SearchAction\",\"target\":{\"@type\":\"EntryPoint\",\"urlTemplate\":\"https:\\\/\\\/www.ionzabalegui.com\\\/en\\\/?s={search_term_string}\"},\"query-input\":{\"@type\":\"PropertyValueSpecification\",\"valueRequired\":true,\"valueName\":\"search_term_string\"}}],\"inLanguage\":\"en-US\"},{\"@type\":\"Organization\",\"@id\":\"https:\\\/\\\/www.ionzabalegui.com\\\/en\\\/#organization\",\"name\":\"Zabalegui\",\"url\":\"https:\\\/\\\/www.ionzabalegui.com\\\/en\\\/\",\"logo\":{\"@type\":\"ImageObject\",\"inLanguage\":\"en-US\",\"@id\":\"https:\\\/\\\/www.ionzabalegui.com\\\/en\\\/#\\\/schema\\\/logo\\\/image\\\/\",\"url\":\"https:\\\/\\\/www.ionzabalegui.com\\\/wp-content\\\/uploads\\\/2025\\\/04\\\/Icono-Ion-Zabalegui.png\",\"contentUrl\":\"https:\\\/\\\/www.ionzabalegui.com\\\/wp-content\\\/uploads\\\/2025\\\/04\\\/Icono-Ion-Zabalegui.png\",\"width\":512,\"height\":512,\"caption\":\"Zabalegui\"},\"image\":{\"@id\":\"https:\\\/\\\/www.ionzabalegui.com\\\/en\\\/#\\\/schema\\\/logo\\\/image\\\/\"}}]}<\/script>\n<!-- \/ Yoast SEO plugin. -->","yoast_head_json":{"title":"Tratamiento de la recesi\u00f3n de enc\u00edas | Est\u00e9tica Dental Bilbao","robots":{"index":"index","follow":"follow","max-snippet":"max-snippet:-1","max-image-preview":"max-image-preview:large","max-video-preview":"max-video-preview:-1"},"canonical":"https:\/\/www.ionzabalegui.com\/en\/periodontics\/gum-recession\/","og_locale":"en_US","og_type":"article","og_title":"Tratamiento de la recesi\u00f3n de enc\u00edas | Est\u00e9tica Dental Bilbao","og_description":"Treatment of gum recessionPeriodontal cosmetic treatmentsGum recession and treatmentDr Ion Zabalegui is a pioneer in the development of microsurgical techniques for the treatment of gum recession. The results achieve a significant aesthetic change, all [&hellip;]","og_url":"https:\/\/www.ionzabalegui.com\/en\/periodontics\/gum-recession\/","og_site_name":"Zabalegui","article_modified_time":"2025-10-27T10:56:59+00:00","twitter_card":"summary_large_image","twitter_misc":{"Est. reading time":"7 minutes"},"schema":{"@context":"https:\/\/schema.org","@graph":[{"@type":"WebPage","@id":"https:\/\/www.ionzabalegui.com\/en\/periodontics\/gum-recession\/","url":"https:\/\/www.ionzabalegui.com\/en\/periodontics\/gum-recession\/","name":"Tratamiento de la recesi\u00f3n de enc\u00edas | Est\u00e9tica Dental Bilbao","isPartOf":{"@id":"https:\/\/www.ionzabalegui.com\/en\/#website"},"datePublished":"2025-03-03T15:16:21+00:00","dateModified":"2025-10-27T10:56:59+00:00","breadcrumb":{"@id":"https:\/\/www.ionzabalegui.com\/en\/periodontics\/gum-recession\/#breadcrumb"},"inLanguage":"en-US","potentialAction":[{"@type":"ReadAction","target":["https:\/\/www.ionzabalegui.com\/en\/periodontics\/gum-recession\/"]}]},{"@type":"BreadcrumbList","@id":"https:\/\/www.ionzabalegui.com\/en\/periodontics\/gum-recession\/#breadcrumb","itemListElement":[{"@type":"ListItem","position":1,"name":"Portada","item":"https:\/\/www.ionzabalegui.com\/en\/zabalegui-home\/"},{"@type":"ListItem","position":2,"name":"Zabalegui &#8211; Periodontics","item":"https:\/\/www.ionzabalegui.com\/en\/periodontics\/"},{"@type":"ListItem","position":3,"name":"Zabalegui &#8211; Treatment of gum recession"}]},{"@type":"WebSite","@id":"https:\/\/www.ionzabalegui.com\/en\/#website","url":"https:\/\/www.ionzabalegui.com\/en\/","name":"Zabalegui","description":"Medicina dental y facial","publisher":{"@id":"https:\/\/www.ionzabalegui.com\/en\/#organization"},"potentialAction":[{"@type":"SearchAction","target":{"@type":"EntryPoint","urlTemplate":"https:\/\/www.ionzabalegui.com\/en\/?s={search_term_string}"},"query-input":{"@type":"PropertyValueSpecification","valueRequired":true,"valueName":"search_term_string"}}],"inLanguage":"en-US"},{"@type":"Organization","@id":"https:\/\/www.ionzabalegui.com\/en\/#organization","name":"Zabalegui","url":"https:\/\/www.ionzabalegui.com\/en\/","logo":{"@type":"ImageObject","inLanguage":"en-US","@id":"https:\/\/www.ionzabalegui.com\/en\/#\/schema\/logo\/image\/","url":"https:\/\/www.ionzabalegui.com\/wp-content\/uploads\/2025\/04\/Icono-Ion-Zabalegui.png","contentUrl":"https:\/\/www.ionzabalegui.com\/wp-content\/uploads\/2025\/04\/Icono-Ion-Zabalegui.png","width":512,"height":512,"caption":"Zabalegui"},"image":{"@id":"https:\/\/www.ionzabalegui.com\/en\/#\/schema\/logo\/image\/"}}]}},"_links":{"self":[{"href":"https:\/\/www.ionzabalegui.com\/en\/wp-json\/wp\/v2\/pages\/17197","targetHints":{"allow":["GET"]}}],"collection":[{"href":"https:\/\/www.ionzabalegui.com\/en\/wp-json\/wp\/v2\/pages"}],"about":[{"href":"https:\/\/www.ionzabalegui.com\/en\/wp-json\/wp\/v2\/types\/page"}],"author":[{"embeddable":true,"href":"https:\/\/www.ionzabalegui.com\/en\/wp-json\/wp\/v2\/users\/1"}],"replies":[{"embeddable":true,"href":"https:\/\/www.ionzabalegui.com\/en\/wp-json\/wp\/v2\/comments?post=17197"}],"version-history":[{"count":0,"href":"https:\/\/www.ionzabalegui.com\/en\/wp-json\/wp\/v2\/pages\/17197\/revisions"}],"up":[{"embeddable":true,"href":"https:\/\/www.ionzabalegui.com\/en\/wp-json\/wp\/v2\/pages\/17103"}],"wp:attachment":[{"href":"https:\/\/www.ionzabalegui.com\/en\/wp-json\/wp\/v2\/media?parent=17197"}],"curies":[{"name":"wp","href":"https:\/\/api.w.org\/{rel}","templated":true}]}}